{"id":2,"date":"2026-02-23T17:47:57","date_gmt":"2026-02-23T17:47:57","guid":{"rendered":"https:\/\/arogos.mojweb.com.hr\/?page_id=2"},"modified":"2026-03-01T14:56:04","modified_gmt":"2026-03-01T14:56:04","slug":"sample-page","status":"publish","type":"page","link":"https:\/\/arogos.mojweb.com.hr\/","title":{"rendered":"ANGELINA DESIGN"},"content":{"rendered":"\n<h1 class=\"wp-block-heading\">ANGELINA DESIGN<\/h1>\n\n\n\n<p><\/p>\n\n\n\n<figure class=\"wp-block-image size-large is-resized\"><img loading=\"lazy\" decoding=\"async\" width=\"1024\" height=\"880\" src=\"https:\/\/arogos.mojweb.com.hr\/wp-content\/uploads\/2026\/02\/WhatsApp-Image-2025-11-18-at-16.06.03-1024x880.jpeg\" alt=\"\" class=\"wp-image-28\" style=\"width:156px;height:auto\" srcset=\"https:\/\/arogos.mojweb.com.hr\/wp-content\/uploads\/2026\/02\/WhatsApp-Image-2025-11-18-at-16.06.03-1024x880.jpeg 1024w, https:\/\/arogos.mojweb.com.hr\/wp-content\/uploads\/2026\/02\/WhatsApp-Image-2025-11-18-at-16.06.03-300x258.jpeg 300w, https:\/\/arogos.mojweb.com.hr\/wp-content\/uploads\/2026\/02\/WhatsApp-Image-2025-11-18-at-16.06.03-768x660.jpeg 768w, https:\/\/arogos.mojweb.com.hr\/wp-content\/uploads\/2026\/02\/WhatsApp-Image-2025-11-18-at-16.06.03.jpeg 1170w\" sizes=\"auto, (max-width: 1024px) 100vw, 1024px\" \/><\/figure>\n\n\n\n<blockquote class=\"wp-block-quote is-layout-flow wp-block-quote-is-layout-flow\">\n<p><\/p>\n<\/blockquote>\n\n\n\n<figure class=\"wp-block-gallery has-nested-images columns-default is-cropped wp-block-gallery-1 is-layout-flex wp-block-gallery-is-layout-flex\">\n<figure class=\"wp-block-image aligncenter size-large\"><img loading=\"lazy\" decoding=\"async\" width=\"1024\" height=\"683\" data-id=\"19\" src=\"https:\/\/arogos.mojweb.com.hr\/wp-content\/uploads\/2026\/02\/4a316fcf-ceee-4a81-aebc-4435bf24d8eb-1024x683-1.jpg\" alt=\"\" class=\"wp-image-19\" srcset=\"https:\/\/arogos.mojweb.com.hr\/wp-content\/uploads\/2026\/02\/4a316fcf-ceee-4a81-aebc-4435bf24d8eb-1024x683-1.jpg 1024w, https:\/\/arogos.mojweb.com.hr\/wp-content\/uploads\/2026\/02\/4a316fcf-ceee-4a81-aebc-4435bf24d8eb-1024x683-1-300x200.jpg 300w, https:\/\/arogos.mojweb.com.hr\/wp-content\/uploads\/2026\/02\/4a316fcf-ceee-4a81-aebc-4435bf24d8eb-1024x683-1-768x512.jpg 768w\" sizes=\"auto, (max-width: 1024px) 100vw, 1024px\" \/><figcaption class=\"wp-element-caption\">ANGELINA DESIGN<\/figcaption><\/figure>\n<\/figure>\n\n\n\n<p class=\"has-text-align-center\">Minimalizam koji traje.<br>Vodootporan nakit za svaki dan i posebne trenutke.<\/p>\n\n\n\n<div class=\"wp-block-group is-nowrap is-layout-flex wp-container-core-group-is-layout-6c531013 wp-block-group-is-layout-flex\">\n<figure class=\"wp-block-image size-large\"><img loading=\"lazy\" decoding=\"async\" width=\"683\" height=\"1024\" src=\"https:\/\/arogos.mojweb.com.hr\/wp-content\/uploads\/2026\/02\/54631-683x1024.jpeg\" alt=\"\" class=\"wp-image-15\" srcset=\"https:\/\/arogos.mojweb.com.hr\/wp-content\/uploads\/2026\/02\/54631-683x1024.jpeg 683w, https:\/\/arogos.mojweb.com.hr\/wp-content\/uploads\/2026\/02\/54631-200x300.jpeg 200w, https:\/\/arogos.mojweb.com.hr\/wp-content\/uploads\/2026\/02\/54631-768x1152.jpeg 768w, https:\/\/arogos.mojweb.com.hr\/wp-content\/uploads\/2026\/02\/54631-1024x1536.jpeg 1024w, https:\/\/arogos.mojweb.com.hr\/wp-content\/uploads\/2026\/02\/54631-1365x2048.jpeg 1365w, https:\/\/arogos.mojweb.com.hr\/wp-content\/uploads\/2026\/02\/54631-scaled.jpeg 1707w\" sizes=\"auto, (max-width: 683px) 100vw, 683px\" \/><\/figure>\n\n\n\n<figure class=\"wp-block-image size-full\"><img loading=\"lazy\" decoding=\"async\" width=\"680\" height=\"540\" src=\"https:\/\/arogos.mojweb.com.hr\/wp-content\/uploads\/2026\/02\/IMG_7820.jpeg\" alt=\"\" class=\"wp-image-12\" srcset=\"https:\/\/arogos.mojweb.com.hr\/wp-content\/uploads\/2026\/02\/IMG_7820.jpeg 680w, https:\/\/arogos.mojweb.com.hr\/wp-content\/uploads\/2026\/02\/IMG_7820-300x238.jpeg 300w\" sizes=\"auto, (max-width: 680px) 100vw, 680px\" \/><\/figure>\n<\/div>\n\n\n\n<blockquote class=\"wp-block-quote is-layout-flow wp-block-quote-is-layout-flow\">\n<blockquote class=\"wp-block-quote is-layout-flow wp-block-quote-is-layout-flow\">\n<p>Angelina design je brend modernog nakita od nehr\u0111aju\u0107eg \u010delika.<br>Na\u0161 nakit je vodootporan, ne tamni i dizajniran je za \u017eene koje \u017eele eleganciju bez kompromisa.<\/p>\n<\/blockquote>\n<\/blockquote>\n\n\n\n<div class=\"wp-block-media-text is-stacked-on-mobile\"><figure class=\"wp-block-media-text__media\"><img loading=\"lazy\" decoding=\"async\" width=\"1024\" height=\"683\" src=\"https:\/\/arogos.mojweb.com.hr\/wp-content\/uploads\/2026\/02\/0f5776fd-665e-4649-828e-658d593acbb8-1-1024x683.jpeg\" alt=\"\" class=\"wp-image-17 size-full\" srcset=\"https:\/\/arogos.mojweb.com.hr\/wp-content\/uploads\/2026\/02\/0f5776fd-665e-4649-828e-658d593acbb8-1-1024x683.jpeg 1024w, https:\/\/arogos.mojweb.com.hr\/wp-content\/uploads\/2026\/02\/0f5776fd-665e-4649-828e-658d593acbb8-1-300x200.jpeg 300w, https:\/\/arogos.mojweb.com.hr\/wp-content\/uploads\/2026\/02\/0f5776fd-665e-4649-828e-658d593acbb8-1-768x512.jpeg 768w, https:\/\/arogos.mojweb.com.hr\/wp-content\/uploads\/2026\/02\/0f5776fd-665e-4649-828e-658d593acbb8-1-1536x1024.jpeg 1536w, https:\/\/arogos.mojweb.com.hr\/wp-content\/uploads\/2026\/02\/0f5776fd-665e-4649-828e-658d593acbb8-1-2048x1366.jpeg 2048w\" sizes=\"auto, (max-width: 1024px) 100vw, 1024px\" \/><\/figure><div class=\"wp-block-media-text__content\">\n<p><\/p>\n<\/div><\/div>\n\n\n\n<h2 class=\"wp-block-heading\"><\/h2>\n","protected":false},"excerpt":{"rendered":"<p>ANGELINA DESIGN Minimalizam koji traje.Vodootporan nakit za svaki dan i posebne trenutke.<\/p>\n","protected":false},"author":1,"featured_media":0,"parent":0,"menu_order":0,"comment_status":"closed","ping_status":"open","template":"","meta":{"footnotes":""},"class_list":["post-2","page","type-page","status-publish","hentry"],"_links":{"self":[{"href":"https:\/\/arogos.mojweb.com.hr\/index.php\/wp-json\/wp\/v2\/pages\/2","targetHints":{"allow":["GET"]}}],"collection":[{"href":"https:\/\/arogos.mojweb.com.hr\/index.php\/wp-json\/wp\/v2\/pages"}],"about":[{"href":"https:\/\/arogos.mojweb.com.hr\/index.php\/wp-json\/wp\/v2\/types\/page"}],"author":[{"embeddable":true,"href":"https:\/\/arogos.mojweb.com.hr\/index.php\/wp-json\/wp\/v2\/users\/1"}],"replies":[{"embeddable":true,"href":"https:\/\/arogos.mojweb.com.hr\/index.php\/wp-json\/wp\/v2\/comments?post=2"}],"version-history":[{"count":4,"href":"https:\/\/arogos.mojweb.com.hr\/index.php\/wp-json\/wp\/v2\/pages\/2\/revisions"}],"predecessor-version":[{"id":34,"href":"https:\/\/arogos.mojweb.com.hr\/index.php\/wp-json\/wp\/v2\/pages\/2\/revisions\/34"}],"wp:attachment":[{"href":"https:\/\/arogos.mojweb.com.hr\/index.php\/wp-json\/wp\/v2\/media?parent=2"}],"curies":[{"name":"wp","href":"https:\/\/api.w.org\/{rel}","templated":true}]}}